{"id":165,"date":"2021-08-10T00:01:15","date_gmt":"2021-08-10T00:01:15","guid":{"rendered":"http:\/\/investigacionesanp.sernanp.gob.pe\/?page_id=165"},"modified":"2021-10-08T14:49:56","modified_gmt":"2021-10-08T14:49:56","slug":"plataformas","status":"publish","type":"page","link":"https:\/\/investigacionesanp.sernanp.gob.pe\/?page_id=165","title":{"rendered":"Plataformas"},"content":{"rendered":"<div class=\"fusion-fullwidth fullwidth-box fusion-builder-row-1 fusion-flex-container nonhundred-percent-fullwidth non-hundred-percent-height-scrolling fusion-custom-z-index\" style=\"background-color: rgba(255,255,255,0);background-position: center center;background-repeat: no-repeat;border-width: 0px 0px 0px 0px;border-color:#e2e2e2;border-style:solid;\" ><div class=\"fusion-builder-row fusion-row fusion-flex-align-items-flex-start fusion-flex-justify-content-center\" style=\"max-width:1996.8px;margin-left: calc(-4% \/ 2 );margin-right: calc(-4% \/ 2 );\"><div class=\"fusion-layout-column fusion_builder_column fusion-builder-column-0 fusion_builder_column_1_1 1_1 fusion-flex-column\"><div class=\"fusion-column-wrapper fusion-flex-justify-content-flex-start fusion-content-layout-column\" style=\"background-position:left top;background-repeat:no-repeat;-webkit-background-size:cover;-moz-background-size:cover;-o-background-size:cover;background-size:cover;padding: 0px 0px 0px 0px;\">\n<div class=\"fusion-slider-revolution rev_slider_wrapper\">\t\t\t<!-- START Plataformas Home REVOLUTION SLIDER 6.5.5 --><p class=\"rs-p-wp-fix\"><\/p>\n\t\t\t<rs-module-wrap id=\"rev_slider_28_1_wrapper\" data-source=\"gallery\" style=\"visibility:hidden;background:transparent;padding:0;margin:0px auto;margin-top:0;margin-bottom:0;\">\n\t\t\t\t<rs-module id=\"rev_slider_28_1\" style=\"\" data-version=\"6.5.5\">\n\t\t\t\t\t<rs-slides>\n\t\t\t\t\t\t<rs-slide style=\"position: absolute;\" data-key=\"rs-31\" data-title=\"Slide\" data-in=\"o:0;\" data-out=\"a:false;\">\n\t\t\t\t\t\t\t<img decoding=\"async\" src=\"\/\/investigacionesanp.sernanp.gob.pe\/wp-content\/plugins\/revslider\/public\/assets\/assets\/dummy.png\" title=\"OTRAS-PLATAFORMAS-DE-INTERES\" width=\"1920\" height=\"1080\" class=\"rev-slidebg tp-rs-img rs-lazyload\" data-lazyload=\"\/\/investigacionesanp.sernanp.gob.pe\/wp-content\/uploads\/2021\/10\/OTRAS-PLATAFORMAS-DE-INTERES.jpg\" data-parallax=\"15\" data-no-retina>\n<!--\n\t\t\t\t\t\t\t--><rs-layer\n\t\t\t\t\t\t\t\tid=\"slider-28-slide-31-layer-0\" \n\t\t\t\t\t\t\t\tdata-type=\"text\"\n\t\t\t\t\t\t\t\tdata-tsh=\"h:5px,5px,3px,3px;v:5px,5px,3px,3px;\"\n\t\t\t\t\t\t\t\tdata-rsp_ch=\"on\"\n\t\t\t\t\t\t\t\tdata-xy=\"x:c;xo:0,0,8px,-2px;yo:381px,381px,512px,345px;\"\n\t\t\t\t\t\t\t\tdata-text=\"w:normal;s:90,90,40,30;l:100,100,40,30;fw:700;a:center;\"\n\t\t\t\t\t\t\t\tdata-dim=\"w:947px,947px,383px,411px;h:auto,auto,auto,90px;\"\n\t\t\t\t\t\t\t\tdata-frame_1=\"e:power4.inOut;sp:1500;\"\n\t\t\t\t\t\t\t\tdata-frame_999=\"o:0;st:w;\"\n\t\t\t\t\t\t\t\tstyle=\"z-index:5;font-family:'Roboto';\"\n\t\t\t\t\t\t\t>Otras plataformas de inter\u00e9s \n\t\t\t\t\t\t\t<\/rs-layer><!--\n-->\t\t\t\t\t\t<\/rs-slide>\n\t\t\t\t\t<\/rs-slides>\n\t\t\t\t<\/rs-module>\n\t\t\t\t<script type=\"text\/javascript\">\n\t\t\t\t\tsetREVStartSize({c: 'rev_slider_28_1',rl:[1240,1240,778,480],el:[800,800,750,525],gw:[1920,1920,777,480],gh:[800,800,750,525],type:'standard',justify:'',layout:'fullwidth',mh:\"0px\"});if (window.RS_MODULES!==undefined && window.RS_MODULES.modules!==undefined && window.RS_MODULES.modules[\"revslider281\"]!==undefined) {window.RS_MODULES.modules[\"revslider281\"].once = false;window.revapi28 = undefined;window.RS_MODULES.checkMinimal()}\n\t\t\t\t<\/script>\n\t\t\t<\/rs-module-wrap>\n\t\t\t<!-- END REVOLUTION SLIDER -->\n<\/div>\n<div class=\"fusion-slider-revolution rev_slider_wrapper\">\t\t\t<!-- START Plataformas Body REVOLUTION SLIDER 6.5.5 --><p class=\"rs-p-wp-fix\"><\/p>\n\t\t\t<rs-module-wrap id=\"rev_slider_30_2_wrapper\" data-source=\"gallery\" style=\"visibility:hidden;background:transparent;padding:0;margin:0px auto;margin-top:0;margin-bottom:0;\">\n\t\t\t\t<rs-module id=\"rev_slider_30_2\" style=\"\" data-version=\"6.5.5\">\n\t\t\t\t\t<rs-slides>\n\t\t\t\t\t\t<rs-slide style=\"position: absolute;\" data-key=\"rs-33\" data-title=\"Slide\" data-in=\"o:0;\" data-out=\"a:false;\">\n\t\t\t\t\t\t\t<img decoding=\"async\" src=\"\/\/investigacionesanp.sernanp.gob.pe\/wp-content\/plugins\/revslider\/public\/assets\/assets\/dummy.png\" title=\"01\" width=\"1920\" height=\"1080\" class=\"rev-slidebg tp-rs-img rs-lazyload\" data-lazyload=\"\/\/investigacionesanp.sernanp.gob.pe\/wp-content\/uploads\/2021\/10\/01-1.jpg\" data-no-retina>\n<!--\n\t\t\t\t\t\t\t--><a\n\t\t\t\t\t\t\t\tid=\"slider-30-slide-33-layer-0\" \n\t\t\t\t\t\t\t\tclass=\"rs-layer\"\n\t\t\t\t\t\t\t\thref=\"http:\/\/sis.sernanp.gob.pe\/biblioteca\" target=\"_blank\" rel=\"noopener\"\n\t\t\t\t\t\t\t\tdata-type=\"image\"\n\t\t\t\t\t\t\t\tdata-rsp_ch=\"on\"\n\t\t\t\t\t\t\t\tdata-xy=\"x:r;xo:127px,127px,45px,150px;yo:95px,95px,101px,141px;\"\n\t\t\t\t\t\t\t\tdata-text=\"w:normal;s:20,20,7,4;l:0,0,9,6;\"\n\t\t\t\t\t\t\t\tdata-dim=\"w:202px,202px,115px,100px;h:66px,66px,38px,33px;\"\n\t\t\t\t\t\t\t\tdata-frame_999=\"o:0;st:w;\"\n\t\t\t\t\t\t\t\tstyle=\"z-index:20;\"\n\t\t\t\t\t\t\t><img decoding=\"async\" src=\"\/\/investigacionesanp.sernanp.gob.pe\/wp-content\/plugins\/revslider\/public\/assets\/assets\/dummy.png\" class=\"tp-rs-img rs-lazyload\" width=\"839\" height=\"274\" data-lazyload=\"\/\/investigacionesanp.sernanp.gob.pe\/wp-content\/uploads\/2021\/10\/Ir-a-la-pagina-web-8.png\" data-no-retina> \n\t\t\t\t\t\t\t<\/a><!--\n\n\t\t\t\t\t\t\t--><a\n\t\t\t\t\t\t\t\tid=\"slider-30-slide-33-layer-1\" \n\t\t\t\t\t\t\t\tclass=\"rs-layer\"\n\t\t\t\t\t\t\t\thref=\"https:\/\/geo.sernanp.gob.pe\/visorsernanp\/\" target=\"_blank\" rel=\"noopener\"\n\t\t\t\t\t\t\t\tdata-type=\"image\"\n\t\t\t\t\t\t\t\tdata-rsp_ch=\"on\"\n\t\t\t\t\t\t\t\tdata-xy=\"x:r;xo:127px,127px,45px,150px;yo:340px,340px,279px,307px;\"\n\t\t\t\t\t\t\t\tdata-text=\"w:normal;s:20,20,7,4;l:0,0,9,6;\"\n\t\t\t\t\t\t\t\tdata-dim=\"w:202px,202px,115px,100px;h:66px,66px,38px,33px;\"\n\t\t\t\t\t\t\t\tdata-frame_999=\"o:0;st:w;\"\n\t\t\t\t\t\t\t\tstyle=\"z-index:19;\"\n\t\t\t\t\t\t\t><img decoding=\"async\" src=\"\/\/investigacionesanp.sernanp.gob.pe\/wp-content\/plugins\/revslider\/public\/assets\/assets\/dummy.png\" class=\"tp-rs-img rs-lazyload\" width=\"839\" height=\"274\" data-lazyload=\"\/\/investigacionesanp.sernanp.gob.pe\/wp-content\/uploads\/2021\/10\/Ir-a-la-pagina-web-8.png\" data-no-retina> \n\t\t\t\t\t\t\t<\/a><!--\n\n\t\t\t\t\t\t\t--><rs-layer\n\t\t\t\t\t\t\t\tid=\"slider-30-slide-33-layer-2\" \n\t\t\t\t\t\t\t\tdata-type=\"text\"\n\t\t\t\t\t\t\t\tdata-color=\"#001470\"\n\t\t\t\t\t\t\t\tdata-rsp_ch=\"on\"\n\t\t\t\t\t\t\t\tdata-xy=\"xo:931px,931px,342px,235px;yo:292px,292px,252px,192px;\"\n\t\t\t\t\t\t\t\tdata-text=\"w:normal;s:36,36,18,18;l:25,25,18,18;ls:1px,1px,0px,0px;fw:600;\"\n\t\t\t\t\t\t\t\tdata-dim=\"w:215px,215px,86px,115px;\"\n\t\t\t\t\t\t\t\tdata-frame_999=\"o:0;st:w;\"\n\t\t\t\t\t\t\t\tstyle=\"z-index:13;font-family:'Open Sans';\"\n\t\t\t\t\t\t\t>GEOANP \n\t\t\t\t\t\t\t<\/rs-layer><!--\n\n\t\t\t\t\t\t\t--><rs-layer\n\t\t\t\t\t\t\t\tid=\"slider-30-slide-33-layer-3\" \n\t\t\t\t\t\t\t\tdata-type=\"text\"\n\t\t\t\t\t\t\t\tdata-color=\"#001470\"\n\t\t\t\t\t\t\t\tdata-rsp_ch=\"on\"\n\t\t\t\t\t\t\t\tdata-xy=\"xo:935px,935px,342px,238px;yo:355px,355px,302px,240px;\"\n\t\t\t\t\t\t\t\tdata-text=\"w:normal;s:26,26,14,14;l:26,26,14,14;\"\n\t\t\t\t\t\t\t\tdata-dim=\"w:617px,617px,249px,210px;\"\n\t\t\t\t\t\t\t\tdata-frame_999=\"o:0;st:w;\"\n\t\t\t\t\t\t\t\tstyle=\"z-index:12;font-family:'Open Sans';\"\n\t\t\t\t\t\t\t>Nuestro visor geogr\u00e1fico, donde podr\u00e1s encontrar la informaci\u00f3n cartogr\u00e1fica sobre todas las ANP \n\t\t\t\t\t\t\t<\/rs-layer><!--\n\n\t\t\t\t\t\t\t--><rs-layer\n\t\t\t\t\t\t\t\tid=\"slider-30-slide-33-layer-4\" \n\t\t\t\t\t\t\t\tdata-type=\"image\"\n\t\t\t\t\t\t\t\tdata-rsp_ch=\"on\"\n\t\t\t\t\t\t\t\tdata-xy=\"x:c;xo:-89px,-89px,-83px,-37px;yo:515px,515px,417px,370px;\"\n\t\t\t\t\t\t\t\tdata-text=\"w:normal;s:20,20,7,4;l:0,0,9,6;\"\n\t\t\t\t\t\t\t\tdata-dim=\"w:67px,67px,26px,24px;h:67px,67px,26px,24px;\"\n\t\t\t\t\t\t\t\tdata-frame_999=\"o:0;st:w;\"\n\t\t\t\t\t\t\t\tstyle=\"z-index:16;\"\n\t\t\t\t\t\t\t><img decoding=\"async\" src=\"\/\/investigacionesanp.sernanp.gob.pe\/wp-content\/plugins\/revslider\/public\/assets\/assets\/dummy.png\" class=\"tp-rs-img rs-lazyload\" width=\"284\" height=\"284\" data-lazyload=\"\/\/investigacionesanp.sernanp.gob.pe\/wp-content\/uploads\/2021\/08\/VIN\u0303ETA_Mesa-de-trabajo-1.png\" data-no-retina> \n\t\t\t\t\t\t\t<\/rs-layer><!--\n\n\t\t\t\t\t\t\t--><rs-layer\n\t\t\t\t\t\t\t\tid=\"slider-30-slide-33-layer-5\" \n\t\t\t\t\t\t\t\tdata-type=\"text\"\n\t\t\t\t\t\t\t\tdata-color=\"#001470\"\n\t\t\t\t\t\t\t\tdata-rsp_ch=\"on\"\n\t\t\t\t\t\t\t\tdata-xy=\"xo:932px,932px,344px,235px;yo:72px,72px,78px,33px;\"\n\t\t\t\t\t\t\t\tdata-text=\"w:normal;s:36,36,18,18;l:25,25,18,18;ls:1px,1px,0px,0px;fw:600;\"\n\t\t\t\t\t\t\t\tdata-dim=\"w:438px,438px,252px,243px;\"\n\t\t\t\t\t\t\t\tdata-frame_999=\"o:0;st:w;\"\n\t\t\t\t\t\t\t\tstyle=\"z-index:11;font-family:'Open Sans';\"\n\t\t\t\t\t\t\t>BIBLIOTECA DIGITAL \n\t\t\t\t\t\t\t<\/rs-layer><!--\n\n\t\t\t\t\t\t\t--><rs-layer\n\t\t\t\t\t\t\t\tid=\"slider-30-slide-33-layer-6\" \n\t\t\t\t\t\t\t\tdata-type=\"image\"\n\t\t\t\t\t\t\t\tdata-rsp_ch=\"on\"\n\t\t\t\t\t\t\t\tdata-xy=\"x:c;xo:-89px,-89px,-83px,-37px;yo:269px,269px,74px,31px;\"\n\t\t\t\t\t\t\t\tdata-text=\"w:normal;s:20,20,7,4;l:0,0,9,6;\"\n\t\t\t\t\t\t\t\tdata-dim=\"w:67px,67px,26px,24px;h:67px,67px,26px,24px;\"\n\t\t\t\t\t\t\t\tdata-frame_999=\"o:0;st:w;\"\n\t\t\t\t\t\t\t\tstyle=\"z-index:15;\"\n\t\t\t\t\t\t\t><img decoding=\"async\" src=\"\/\/investigacionesanp.sernanp.gob.pe\/wp-content\/plugins\/revslider\/public\/assets\/assets\/dummy.png\" class=\"tp-rs-img rs-lazyload\" width=\"284\" height=\"284\" data-lazyload=\"\/\/investigacionesanp.sernanp.gob.pe\/wp-content\/uploads\/2021\/08\/VIN\u0303ETA_Mesa-de-trabajo-1.png\" data-no-retina> \n\t\t\t\t\t\t\t<\/rs-layer><!--\n\n\t\t\t\t\t\t\t--><rs-layer\n\t\t\t\t\t\t\t\tid=\"slider-30-slide-33-layer-7\" \n\t\t\t\t\t\t\t\tdata-type=\"object\"\n\t\t\t\t\t\t\t\tdata-rsp_ch=\"on\"\n\t\t\t\t\t\t\t\tdata-xy=\"xo:50px,50px,19px,11px;yo:50px,50px,19px,11px;\"\n\t\t\t\t\t\t\t\tdata-text=\"w:normal;s:20,20,7,4;l:0,0,9,6;\"\n\t\t\t\t\t\t\t\tdata-frame_999=\"o:0;st:w;\"\n\t\t\t\t\t\t\t\tstyle=\"z-index:17;font-family:'Roboto';\"\n\t\t\t\t\t\t\t> \n\t\t\t\t\t\t\t<\/rs-layer><!--\n\n\t\t\t\t\t\t\t--><a\n\t\t\t\t\t\t\t\tid=\"slider-30-slide-33-layer-8\" \n\t\t\t\t\t\t\t\tclass=\"rs-layer\"\n\t\t\t\t\t\t\t\thref=\"http:\/\/geoportal.sernanp.gob.pe\/\" target=\"_blank\" rel=\"noopener\"\n\t\t\t\t\t\t\t\tdata-type=\"image\"\n\t\t\t\t\t\t\t\tdata-rsp_ch=\"on\"\n\t\t\t\t\t\t\t\tdata-xy=\"x:r;xo:127px,127px,45px,150px;yo:588px,588px,439px,481px;\"\n\t\t\t\t\t\t\t\tdata-text=\"w:normal;s:20,20,7,4;l:0,0,9,6;\"\n\t\t\t\t\t\t\t\tdata-dim=\"w:202px,202px,115px,100px;h:66px,66px,38px,33px;\"\n\t\t\t\t\t\t\t\tdata-frame_999=\"o:0;st:w;\"\n\t\t\t\t\t\t\t\tstyle=\"z-index:18;\"\n\t\t\t\t\t\t\t><img decoding=\"async\" src=\"\/\/investigacionesanp.sernanp.gob.pe\/wp-content\/plugins\/revslider\/public\/assets\/assets\/dummy.png\" class=\"tp-rs-img rs-lazyload\" width=\"839\" height=\"274\" data-lazyload=\"\/\/investigacionesanp.sernanp.gob.pe\/wp-content\/uploads\/2021\/10\/Ir-a-la-pagina-web-8.png\" data-no-retina> \n\t\t\t\t\t\t\t<\/a><!--\n\n\t\t\t\t\t\t\t--><rs-layer\n\t\t\t\t\t\t\t\tid=\"slider-30-slide-33-layer-13\" \n\t\t\t\t\t\t\t\tdata-type=\"text\"\n\t\t\t\t\t\t\t\tdata-color=\"#001470\"\n\t\t\t\t\t\t\t\tdata-rsp_ch=\"on\"\n\t\t\t\t\t\t\t\tdata-xy=\"xo:931px,931px,345px,232px;yo:119px,119px,126px,77px;\"\n\t\t\t\t\t\t\t\tdata-text=\"w:normal;s:24,24,14,14;l:26,26,14,14;\"\n\t\t\t\t\t\t\t\tdata-dim=\"w:614px,614px,248px,217px;\"\n\t\t\t\t\t\t\t\tdata-frame_999=\"o:0;st:w;\"\n\t\t\t\t\t\t\t\tstyle=\"z-index:10;font-family:'Open Sans';\"\n\t\t\t\t\t\t\t>Donde encontrar\u00e1s los resultados publicados de las investigaciones realizadas en el ANP y otros temas de inter\u00e9s \n\t\t\t\t\t\t\t<\/rs-layer><!--\n\n\t\t\t\t\t\t\t--><rs-layer\n\t\t\t\t\t\t\t\tid=\"slider-30-slide-33-layer-15\" \n\t\t\t\t\t\t\t\tdata-type=\"image\"\n\t\t\t\t\t\t\t\tdata-rsp_ch=\"on\"\n\t\t\t\t\t\t\t\tdata-xy=\"x:c;xo:-89px,-89px,-83px,-37px;yo:50px,50px,248px,190px;\"\n\t\t\t\t\t\t\t\tdata-text=\"w:normal;s:20,20,7,4;l:0,0,9,6;\"\n\t\t\t\t\t\t\t\tdata-dim=\"w:67px,67px,26px,24px;h:67px,67px,26px,24px;\"\n\t\t\t\t\t\t\t\tdata-frame_999=\"o:0;st:w;\"\n\t\t\t\t\t\t\t\tstyle=\"z-index:14;\"\n\t\t\t\t\t\t\t><img decoding=\"async\" src=\"\/\/investigacionesanp.sernanp.gob.pe\/wp-content\/plugins\/revslider\/public\/assets\/assets\/dummy.png\" class=\"tp-rs-img rs-lazyload\" width=\"284\" height=\"284\" data-lazyload=\"\/\/investigacionesanp.sernanp.gob.pe\/wp-content\/uploads\/2021\/08\/VIN\u0303ETA_Mesa-de-trabajo-1.png\" data-no-retina> \n\t\t\t\t\t\t\t<\/rs-layer><!--\n\n\t\t\t\t\t\t\t--><rs-layer\n\t\t\t\t\t\t\t\tid=\"slider-30-slide-33-layer-25\" \n\t\t\t\t\t\t\t\tdata-type=\"text\"\n\t\t\t\t\t\t\t\tdata-color=\"#001470\"\n\t\t\t\t\t\t\t\tdata-rsp_ch=\"on\"\n\t\t\t\t\t\t\t\tdata-xy=\"xo:937px,937px,343px,239px;yo:542px,542px,421px,372px;\"\n\t\t\t\t\t\t\t\tdata-text=\"w:normal;s:36,36,18,18;l:25,25,18,18;ls:1px,1px,0px,0px;fw:600;\"\n\t\t\t\t\t\t\t\tdata-dim=\"w:215px,215px,147px,106px;\"\n\t\t\t\t\t\t\t\tdata-frame_0=\"x:0,0,0,0px;y:0,0,0,0px;\"\n\t\t\t\t\t\t\t\tdata-frame_1=\"x:0,0,0,0px;y:0,0,0,0px;\"\n\t\t\t\t\t\t\t\tdata-frame_999=\"o:0;st:w;\"\n\t\t\t\t\t\t\t\tstyle=\"z-index:9;font-family:'Open Sans';\"\n\t\t\t\t\t\t\t>GEOPORTAL \n\t\t\t\t\t\t\t<\/rs-layer><!--\n\n\t\t\t\t\t\t\t--><rs-layer\n\t\t\t\t\t\t\t\tid=\"slider-30-slide-33-layer-26\" \n\t\t\t\t\t\t\t\tdata-type=\"text\"\n\t\t\t\t\t\t\t\tdata-color=\"#001470\"\n\t\t\t\t\t\t\t\tdata-rsp_ch=\"on\"\n\t\t\t\t\t\t\t\tdata-xy=\"xo:936px,936px,342px,240px;yo:603px,603px,465px,415px;\"\n\t\t\t\t\t\t\t\tdata-text=\"w:normal;s:24,24,14,14;l:28,28,14,14;\"\n\t\t\t\t\t\t\t\tdata-dim=\"w:608px,608px,245px,214px;\"\n\t\t\t\t\t\t\t\tdata-frame_999=\"o:0;st:w;\"\n\t\t\t\t\t\t\t\tstyle=\"z-index:8;font-family:'Open Sans';\"\n\t\t\t\t\t\t\t>Nuestro portal de datos permite encontrar en un s\u00f3lo lugar la informaci\u00f3n geogr\u00e1fica de inter\u00e9s de las ANP \n\t\t\t\t\t\t\t<\/rs-layer><!--\n-->\t\t\t\t\t\t<\/rs-slide>\n\t\t\t\t\t<\/rs-slides>\n\t\t\t\t<\/rs-module>\n\t\t\t\t<script type=\"text\/javascript\">\n\t\t\t\t\tsetREVStartSize({c: 'rev_slider_30_2',rl:[1240,1240,778,480],el:[800,800,750,525],gw:[1920,1920,777,480],gh:[800,800,750,525],type:'standard',justify:'',layout:'fullwidth',mh:\"0px\"});if (window.RS_MODULES!==undefined && window.RS_MODULES.modules!==undefined && window.RS_MODULES.modules[\"revslider302\"]!==undefined) {window.RS_MODULES.modules[\"revslider302\"].once = false;window.revapi30 = undefined;window.RS_MODULES.checkMinimal()}\n\t\t\t\t<\/script>\n\t\t\t<\/rs-module-wrap>\n\t\t\t<!-- END REVOLUTION SLIDER -->\n<\/div><\/div><style type=\"text\/css\">.fusion-body .fusion-builder-column-0{width:100% !important;margin-top : 0px;margin-bottom : 0px;}.fusion-builder-column-0 > .fusion-column-wrapper {padding-top : 0px !important;padding-right : 0px !important;margin-right : 1.92%;padding-bottom : 0px !important;padding-left : 0px !important;margin-left : 1.92%;}@media only screen and (max-width:1000px) {.fusion-body .fusion-builder-column-0{width:100% !important;order : 0;}.fusion-builder-column-0 > .fusion-column-wrapper {margin-right : 1.92%;margin-left : 1.92%;}}@media only screen and (max-width:777px) {.fusion-body .fusion-builder-column-0{width:100% !important;order : 0;}.fusion-builder-column-0 > .fusion-column-wrapper {margin-right : 1.92%;margin-left : 1.92%;}}<\/style><\/div><\/div><style type=\"text\/css\">.fusion-fullwidth.fusion-builder-row-1 { z-index:1 !important; }.fusion-body .fusion-flex-container.fusion-builder-row-1{ padding-top : 0px;margin-top : 0px;padding-right : 0px;padding-bottom : 0px;margin-bottom : 0px;padding-left : 0px;}<\/style><\/div>\n","protected":false},"excerpt":{"rendered":"","protected":false},"author":1,"featured_media":0,"parent":41,"menu_order":0,"comment_status":"closed","ping_status":"closed","template":"","meta":{"_acf_changed":false,"footnotes":""},"class_list":["post-165","page","type-page","status-publish","hentry"],"acf":[],"yoast_head":"<!-- This site is optimized with the Yoast SEO plugin v26.6 - https:\/\/yoast.com\/wordpress\/plugins\/seo\/ -->\n<title>Plataformas - Sernanp<\/title>\n<meta name=\"robots\" content=\"index, follow, max-snippet:-1, max-image-preview:large, max-video-preview:-1\" \/>\n<link rel=\"canonical\" href=\"https:\/\/investigacionesanp.sernanp.gob.pe\/?page_id=165\" \/>\n<meta property=\"og:locale\" content=\"es_ES\" \/>\n<meta property=\"og:type\" content=\"article\" \/>\n<meta property=\"og:title\" content=\"Plataformas - Sernanp\" \/>\n<meta property=\"og:url\" content=\"https:\/\/investigacionesanp.sernanp.gob.pe\/?page_id=165\" \/>\n<meta property=\"og:site_name\" content=\"Sernanp\" \/>\n<meta property=\"article:modified_time\" content=\"2021-10-08T14:49:56+00:00\" \/>\n<meta name=\"twitter:card\" content=\"summary_large_image\" \/>\n<script type=\"application\/ld+json\" class=\"yoast-schema-graph\">{\"@context\":\"https:\/\/schema.org\",\"@graph\":[{\"@type\":\"WebPage\",\"@id\":\"https:\/\/investigacionesanp.sernanp.gob.pe\/?page_id=165\",\"url\":\"https:\/\/investigacionesanp.sernanp.gob.pe\/?page_id=165\",\"name\":\"Plataformas - Sernanp\",\"isPartOf\":{\"@id\":\"https:\/\/investigacionesanp.sernanp.gob.pe\/#website\"},\"datePublished\":\"2021-08-10T00:01:15+00:00\",\"dateModified\":\"2021-10-08T14:49:56+00:00\",\"breadcrumb\":{\"@id\":\"https:\/\/investigacionesanp.sernanp.gob.pe\/?page_id=165#breadcrumb\"},\"inLanguage\":\"es\",\"potentialAction\":[{\"@type\":\"ReadAction\",\"target\":[\"https:\/\/investigacionesanp.sernanp.gob.pe\/?page_id=165\"]}]},{\"@type\":\"BreadcrumbList\",\"@id\":\"https:\/\/investigacionesanp.sernanp.gob.pe\/?page_id=165#breadcrumb\",\"itemListElement\":[{\"@type\":\"ListItem\",\"position\":1,\"name\":\"Portada\",\"item\":\"https:\/\/investigacionesanp.sernanp.gob.pe\/\"},{\"@type\":\"ListItem\",\"position\":2,\"name\":\"Inicio\",\"item\":\"https:\/\/investigacionesanp.sernanp.gob.pe\/\"},{\"@type\":\"ListItem\",\"position\":3,\"name\":\"Plataformas\"}]},{\"@type\":\"WebSite\",\"@id\":\"https:\/\/investigacionesanp.sernanp.gob.pe\/#website\",\"url\":\"https:\/\/investigacionesanp.sernanp.gob.pe\/\",\"name\":\"Sernanp\",\"description\":\"Servicio Nacional de \u00c1reas Naturales Protegidas por el Estado\",\"publisher\":{\"@id\":\"https:\/\/investigacionesanp.sernanp.gob.pe\/#organization\"},\"potentialAction\":[{\"@type\":\"SearchAction\",\"target\":{\"@type\":\"EntryPoint\",\"urlTemplate\":\"https:\/\/investigacionesanp.sernanp.gob.pe\/?s={search_term_string}\"},\"query-input\":{\"@type\":\"PropertyValueSpecification\",\"valueRequired\":true,\"valueName\":\"search_term_string\"}}],\"inLanguage\":\"es\"},{\"@type\":\"Organization\",\"@id\":\"https:\/\/investigacionesanp.sernanp.gob.pe\/#organization\",\"name\":\"SERNANP\",\"url\":\"https:\/\/investigacionesanp.sernanp.gob.pe\/\",\"logo\":{\"@type\":\"ImageObject\",\"inLanguage\":\"es\",\"@id\":\"https:\/\/investigacionesanp.sernanp.gob.pe\/#\/schema\/logo\/image\/\",\"url\":\"http:\/\/investigacionesanp.sernanp.gob.pe\/wp-content\/uploads\/2021\/09\/LOGO-INVANP_Bio_Solicitud.png\",\"contentUrl\":\"http:\/\/investigacionesanp.sernanp.gob.pe\/wp-content\/uploads\/2021\/09\/LOGO-INVANP_Bio_Solicitud.png\",\"width\":123,\"height\":72,\"caption\":\"SERNANP\"},\"image\":{\"@id\":\"https:\/\/investigacionesanp.sernanp.gob.pe\/#\/schema\/logo\/image\/\"}}]}<\/script>\n<!-- \/ Yoast SEO plugin. -->","yoast_head_json":{"title":"Plataformas - Sernanp","robots":{"index":"index","follow":"follow","max-snippet":"max-snippet:-1","max-image-preview":"max-image-preview:large","max-video-preview":"max-video-preview:-1"},"canonical":"https:\/\/investigacionesanp.sernanp.gob.pe\/?page_id=165","og_locale":"es_ES","og_type":"article","og_title":"Plataformas - Sernanp","og_url":"https:\/\/investigacionesanp.sernanp.gob.pe\/?page_id=165","og_site_name":"Sernanp","article_modified_time":"2021-10-08T14:49:56+00:00","twitter_card":"summary_large_image","schema":{"@context":"https:\/\/schema.org","@graph":[{"@type":"WebPage","@id":"https:\/\/investigacionesanp.sernanp.gob.pe\/?page_id=165","url":"https:\/\/investigacionesanp.sernanp.gob.pe\/?page_id=165","name":"Plataformas - Sernanp","isPartOf":{"@id":"https:\/\/investigacionesanp.sernanp.gob.pe\/#website"},"datePublished":"2021-08-10T00:01:15+00:00","dateModified":"2021-10-08T14:49:56+00:00","breadcrumb":{"@id":"https:\/\/investigacionesanp.sernanp.gob.pe\/?page_id=165#breadcrumb"},"inLanguage":"es","potentialAction":[{"@type":"ReadAction","target":["https:\/\/investigacionesanp.sernanp.gob.pe\/?page_id=165"]}]},{"@type":"BreadcrumbList","@id":"https:\/\/investigacionesanp.sernanp.gob.pe\/?page_id=165#breadcrumb","itemListElement":[{"@type":"ListItem","position":1,"name":"Portada","item":"https:\/\/investigacionesanp.sernanp.gob.pe\/"},{"@type":"ListItem","position":2,"name":"Inicio","item":"https:\/\/investigacionesanp.sernanp.gob.pe\/"},{"@type":"ListItem","position":3,"name":"Plataformas"}]},{"@type":"WebSite","@id":"https:\/\/investigacionesanp.sernanp.gob.pe\/#website","url":"https:\/\/investigacionesanp.sernanp.gob.pe\/","name":"Sernanp","description":"Servicio Nacional de \u00c1reas Naturales Protegidas por el Estado","publisher":{"@id":"https:\/\/investigacionesanp.sernanp.gob.pe\/#organization"},"potentialAction":[{"@type":"SearchAction","target":{"@type":"EntryPoint","urlTemplate":"https:\/\/investigacionesanp.sernanp.gob.pe\/?s={search_term_string}"},"query-input":{"@type":"PropertyValueSpecification","valueRequired":true,"valueName":"search_term_string"}}],"inLanguage":"es"},{"@type":"Organization","@id":"https:\/\/investigacionesanp.sernanp.gob.pe\/#organization","name":"SERNANP","url":"https:\/\/investigacionesanp.sernanp.gob.pe\/","logo":{"@type":"ImageObject","inLanguage":"es","@id":"https:\/\/investigacionesanp.sernanp.gob.pe\/#\/schema\/logo\/image\/","url":"http:\/\/investigacionesanp.sernanp.gob.pe\/wp-content\/uploads\/2021\/09\/LOGO-INVANP_Bio_Solicitud.png","contentUrl":"http:\/\/investigacionesanp.sernanp.gob.pe\/wp-content\/uploads\/2021\/09\/LOGO-INVANP_Bio_Solicitud.png","width":123,"height":72,"caption":"SERNANP"},"image":{"@id":"https:\/\/investigacionesanp.sernanp.gob.pe\/#\/schema\/logo\/image\/"}}]}},"jetpack_sharing_enabled":true,"_links":{"self":[{"href":"https:\/\/investigacionesanp.sernanp.gob.pe\/index.php?rest_route=\/wp\/v2\/pages\/165","targetHints":{"allow":["GET"]}}],"collection":[{"href":"https:\/\/investigacionesanp.sernanp.gob.pe\/index.php?rest_route=\/wp\/v2\/pages"}],"about":[{"href":"https:\/\/investigacionesanp.sernanp.gob.pe\/index.php?rest_route=\/wp\/v2\/types\/page"}],"author":[{"embeddable":true,"href":"https:\/\/investigacionesanp.sernanp.gob.pe\/index.php?rest_route=\/wp\/v2\/users\/1"}],"replies":[{"embeddable":true,"href":"https:\/\/investigacionesanp.sernanp.gob.pe\/index.php?rest_route=%2Fwp%2Fv2%2Fcomments&post=165"}],"version-history":[{"count":2,"href":"https:\/\/investigacionesanp.sernanp.gob.pe\/index.php?rest_route=\/wp\/v2\/pages\/165\/revisions"}],"predecessor-version":[{"id":954,"href":"https:\/\/investigacionesanp.sernanp.gob.pe\/index.php?rest_route=\/wp\/v2\/pages\/165\/revisions\/954"}],"up":[{"embeddable":true,"href":"https:\/\/investigacionesanp.sernanp.gob.pe\/index.php?rest_route=\/wp\/v2\/pages\/41"}],"wp:attachment":[{"href":"https:\/\/investigacionesanp.sernanp.gob.pe\/index.php?rest_route=%2Fwp%2Fv2%2Fmedia&parent=165"}],"curies":[{"name":"wp","href":"https:\/\/api.w.org\/{rel}","templated":true}]}}