{"id":147,"date":"2021-08-09T18:36:33","date_gmt":"2021-08-09T18:36:33","guid":{"rendered":"http:\/\/investigacionesanp.sernanp.gob.pe\/?page_id=147"},"modified":"2021-10-21T03:34:50","modified_gmt":"2021-10-21T03:34:50","slug":"bio","status":"publish","type":"page","link":"https:\/\/investigacionesanp.sernanp.gob.pe\/?page_id=147","title":{"rendered":"Estaciones biol\u00f3gicas"},"content":{"rendered":"<div class=\"fusion-fullwidth fullwidth-box fusion-builder-row-1 fusion-flex-container nonhundred-percent-fullwidth non-hundred-percent-height-scrolling fusion-custom-z-index\" style=\"background-color: rgba(255,255,255,0);background-position: center center;background-repeat: no-repeat;border-width: 0px 0px 0px 0px;border-color:#e2e2e2;border-style:solid;\" ><div class=\"fusion-builder-row fusion-row fusion-flex-align-items-flex-start fusion-flex-justify-content-center\" style=\"max-width:1996.8px;margin-left: calc(-4% \/ 2 );margin-right: calc(-4% \/ 2 );\"><div class=\"fusion-layout-column fusion_builder_column fusion-builder-column-0 fusion_builder_column_1_1 1_1 fusion-flex-column\"><div class=\"fusion-column-wrapper fusion-flex-justify-content-flex-start fusion-content-layout-column\" style=\"background-position:left top;background-repeat:no-repeat;-webkit-background-size:cover;-moz-background-size:cover;-o-background-size:cover;background-size:cover;padding: 0px 0px 0px 0px;\">\n<div class=\"fusion-slider-revolution rev_slider_wrapper\">\t\t\t<!-- START Bio Home REVOLUTION SLIDER 6.5.5 --><p class=\"rs-p-wp-fix\"><\/p>\n\t\t\t<rs-module-wrap id=\"rev_slider_23_1_wrapper\" data-source=\"gallery\" style=\"visibility:hidden;background:transparent;padding:0;margin:0px auto;margin-top:0;margin-bottom:0;\">\n\t\t\t\t<rs-module id=\"rev_slider_23_1\" style=\"\" data-version=\"6.5.5\">\n\t\t\t\t\t<rs-slides>\n\t\t\t\t\t\t<rs-slide style=\"position: absolute;\" data-key=\"rs-26\" data-title=\"Slide\" data-in=\"o:0;\" data-out=\"a:false;\">\n\t\t\t\t\t\t\t<img decoding=\"async\" src=\"\/\/investigacionesanp.sernanp.gob.pe\/wp-content\/plugins\/revslider\/public\/assets\/assets\/dummy.png\" title=\"ESTACIONES-BIOLOGICAS\" width=\"1920\" height=\"1080\" class=\"rev-slidebg tp-rs-img rs-lazyload\" data-lazyload=\"\/\/investigacionesanp.sernanp.gob.pe\/wp-content\/uploads\/2021\/10\/ESTACIONES-BIOLOGICAS.jpg\" data-parallax=\"15\" data-no-retina>\n<!--\n\t\t\t\t\t\t\t--><rs-layer\n\t\t\t\t\t\t\t\tid=\"slider-23-slide-26-layer-2\" \n\t\t\t\t\t\t\t\tdata-type=\"text\"\n\t\t\t\t\t\t\t\tdata-tsh=\"h:5px,5px,4px,3px;v:5px,5px,4px,3px;\"\n\t\t\t\t\t\t\t\tdata-rsp_ch=\"on\"\n\t\t\t\t\t\t\t\tdata-xy=\"x:c;yo:283px,283px,363px,222px;\"\n\t\t\t\t\t\t\t\tdata-text=\"w:normal;s:90,90,60,48;l:90,90,60,48;fw:700;a:center;\"\n\t\t\t\t\t\t\t\tdata-dim=\"w:631px,631px,410px,328px;\"\n\t\t\t\t\t\t\t\tdata-frame_1=\"e:power4.inOut;sp:1500;\"\n\t\t\t\t\t\t\t\tdata-frame_999=\"o:0;st:w;\"\n\t\t\t\t\t\t\t\tstyle=\"z-index:6;font-family:'Roboto';\"\n\t\t\t\t\t\t\t>Estaciones biol\u00f3gicas \n\t\t\t\t\t\t\t<\/rs-layer><!--\n\n\t\t\t\t\t\t\t--><rs-layer\n\t\t\t\t\t\t\t\tid=\"slider-23-slide-26-layer-3\" \n\t\t\t\t\t\t\t\tdata-type=\"text\"\n\t\t\t\t\t\t\t\tdata-tsh=\"h:2px,2px,0px,0px;v:2px,2px,0px,0px;\"\n\t\t\t\t\t\t\t\tdata-rsp_ch=\"on\"\n\t\t\t\t\t\t\t\tdata-xy=\"x:c;xo:0,0,0,4px;yo:526px,526px,506px,334px;\"\n\t\t\t\t\t\t\t\tdata-text=\"w:normal;s:32,32,20,20;l:32,32,20,20;fw:500;a:center;\"\n\t\t\t\t\t\t\t\tdata-dim=\"w:1080px,1080px,568px,390px;h:auto,auto,auto,127px;\"\n\t\t\t\t\t\t\t\tdata-frame_1=\"e:power4.inOut;sp:3000;\"\n\t\t\t\t\t\t\t\tdata-frame_999=\"o:0;st:w;\"\n\t\t\t\t\t\t\t\tstyle=\"z-index:7;font-family:'Roboto';\"\n\t\t\t\t\t\t\t>Nuestro concepto de Estaciones Biol\u00f3gicas parte de la necesidad de proveer espacios bien conservados para la investigaci\u00f3n cient\u00edfica, en lugares de alto valor biol\u00f3gico desde donde se obtengan datos confiables de los procesos que sostienen la vida y propuestas de manejo sostenible. \n\t\t\t\t\t\t\t<\/rs-layer><!--\n-->\t\t\t\t\t\t<\/rs-slide>\n\t\t\t\t\t<\/rs-slides>\n\t\t\t\t<\/rs-module>\n\t\t\t\t<script type=\"text\/javascript\">\n\t\t\t\t\tsetREVStartSize({c: 'rev_slider_23_1',rl:[1240,1240,778,480],el:[800,800,750,525],gw:[1920,1920,777,480],gh:[800,800,750,525],type:'standard',justify:'',layout:'fullwidth',mh:\"0px\"});if (window.RS_MODULES!==undefined && window.RS_MODULES.modules!==undefined && window.RS_MODULES.modules[\"revslider231\"]!==undefined) {window.RS_MODULES.modules[\"revslider231\"].once = false;window.revapi23 = undefined;window.RS_MODULES.checkMinimal()}\n\t\t\t\t<\/script>\n\t\t\t<\/rs-module-wrap>\n\t\t\t<!-- END REVOLUTION SLIDER -->\n<\/div>\n<div class=\"fusion-slider-revolution rev_slider_wrapper\">\t\t\t<!-- START Bio Intro REVOLUTION SLIDER 6.5.5 --><p class=\"rs-p-wp-fix\"><\/p>\n\t\t\t<rs-module-wrap id=\"rev_slider_53_2_wrapper\" data-source=\"gallery\" style=\"visibility:hidden;background:transparent;padding:0;margin:0px auto;margin-top:0;margin-bottom:0;\">\n\t\t\t\t<rs-module id=\"rev_slider_53_2\" style=\"\" data-version=\"6.5.5\">\n\t\t\t\t\t<rs-slides>\n\t\t\t\t\t\t<rs-slide style=\"position: absolute;\" data-key=\"rs-54\" data-title=\"Slide\" data-in=\"o:0;\" data-out=\"a:false;\">\n\t\t\t\t\t\t\t<img decoding=\"async\" src=\"\/\/investigacionesanp.sernanp.gob.pe\/wp-content\/plugins\/revslider\/public\/assets\/assets\/dummy.png\" title=\"ESTACIONES-BIOLOGICAS-imagen\" width=\"1920\" height=\"1080\" class=\"rev-slidebg tp-rs-img rs-lazyload\" data-lazyload=\"\/\/investigacionesanp.sernanp.gob.pe\/wp-content\/uploads\/2021\/11\/ESTACIONES-BIOLOGICAS-imagen-2.jpg\" data-bg=\"p:center top;\" data-no-retina>\n<!--\n\t\t\t\t\t\t\t--><rs-layer\n\t\t\t\t\t\t\t\tid=\"slider-53-slide-54-layer-4\" \n\t\t\t\t\t\t\t\tdata-type=\"text\"\n\t\t\t\t\t\t\t\tdata-color=\"#000663\"\n\t\t\t\t\t\t\t\tdata-rsp_ch=\"on\"\n\t\t\t\t\t\t\t\tdata-xy=\"xo:193px,193px,99px,35px;yo:206px,206px,140px,68px;\"\n\t\t\t\t\t\t\t\tdata-text=\"w:normal;s:32,32,23,18;l:40,40,26,22;ls:0,0,0,0px;\"\n\t\t\t\t\t\t\t\tdata-dim=\"w:1005px,1005px,401px,363px;h:555px,555px,auto,auto;\"\n\t\t\t\t\t\t\t\tdata-frame_999=\"o:0;st:w;\"\n\t\t\t\t\t\t\t\tstyle=\"z-index:5;font-family:'Open Sans';\"\n\t\t\t\t\t\t\t>Aunque cada una de nuestras estaciones biol\u00f3gicas ofrece posibilidades particulares, tambi\u00e9n ofrecen una visi\u00f3n de conjunto. Estan estrat\u00e9gicamente ubicadas para proveer de informaci\u00f3n en diferentes ambientes dentro del gradiente altitudinal Andino-amaz\u00f3nico. Esto permite realizar estudios comparativos y monitorear cambios a una escala geogr\u00e1fica amplia.<br \/>\n<br \/>\nEstos centros de investigaci\u00f3n tambi\u00e9n son un punto de encuentro para programas de educaci\u00f3n ambiental, con frecuencia visitados por delegaciones de estudiantes de colegios de las comunidades aleda\u00f1as. Son un lugar de intercambio de experiencias con los guardaparques de nuestras \u00e1reas naturales protegidas. \n\t\t\t\t\t\t\t<\/rs-layer><!--\n\n\t\t\t\t\t\t\t--><rs-layer\n\t\t\t\t\t\t\t\tid=\"slider-53-slide-54-layer-5\" \n\t\t\t\t\t\t\t\tdata-type=\"image\"\n\t\t\t\t\t\t\t\tdata-rsp_ch=\"on\"\n\t\t\t\t\t\t\t\tdata-xy=\"xo:33px,33px,26px,22px;yo:41px,41px,42px,23px;\"\n\t\t\t\t\t\t\t\tdata-text=\"w:normal;s:20,20,6,4;l:0,0,9,6;\"\n\t\t\t\t\t\t\t\tdata-dim=\"w:114px,114px,53px,32px;h:114px,114px,53px,32px;\"\n\t\t\t\t\t\t\t\tdata-frame_999=\"o:0;st:w;\"\n\t\t\t\t\t\t\t\tstyle=\"z-index:6;\"\n\t\t\t\t\t\t\t><img decoding=\"async\" src=\"\/\/investigacionesanp.sernanp.gob.pe\/wp-content\/plugins\/revslider\/public\/assets\/assets\/dummy.png\" class=\"tp-rs-img rs-lazyload\" width=\"284\" height=\"284\" data-lazyload=\"\/\/investigacionesanp.sernanp.gob.pe\/wp-content\/uploads\/2021\/08\/VIN\u0303ETA_Mesa-de-trabajo-1.png\" data-no-retina> \n\t\t\t\t\t\t\t<\/rs-layer><!--\n\n\t\t\t\t\t\t\t--><rs-layer\n\t\t\t\t\t\t\t\tid=\"slider-53-slide-54-layer-7\" \n\t\t\t\t\t\t\t\tdata-type=\"text\"\n\t\t\t\t\t\t\t\tdata-color=\"#000663\"\n\t\t\t\t\t\t\t\tdata-rsp_ch=\"on\"\n\t\t\t\t\t\t\t\tdata-xy=\"xo:188px,188px,99px,68px;yo:60px,60px,56px,29px;\"\n\t\t\t\t\t\t\t\tdata-text=\"w:normal;s:45,45,30,24;l:70,70,30,22;fw:400,400,400,500;\"\n\t\t\t\t\t\t\t\tdata-frame_999=\"o:0;st:w;\"\n\t\t\t\t\t\t\t\tstyle=\"z-index:8;font-family:'Roboto';\"\n\t\t\t\t\t\t\t>ESTACIONES BIOL\u00d3GICAS \n\t\t\t\t\t\t\t<\/rs-layer><!--\n-->\t\t\t\t\t\t<\/rs-slide>\n\t\t\t\t\t<\/rs-slides>\n\t\t\t\t<\/rs-module>\n\t\t\t\t<script type=\"text\/javascript\">\n\t\t\t\t\tsetREVStartSize({c: 'rev_slider_53_2',rl:[1240,1240,778,480],el:[800,800,750,525],gw:[1920,1920,710,480],gh:[800,800,750,525],type:'hero',justify:'',layout:'fullwidth',mh:\"0px\"});if (window.RS_MODULES!==undefined && window.RS_MODULES.modules!==undefined && window.RS_MODULES.modules[\"revslider532\"]!==undefined) {window.RS_MODULES.modules[\"revslider532\"].once = false;window.revapi53 = undefined;window.RS_MODULES.checkMinimal()}\n\t\t\t\t<\/script>\n\t\t\t<\/rs-module-wrap>\n\t\t\t<!-- END REVOLUTION SLIDER -->\n<\/div><\/div><style type=\"text\/css\">.fusion-body .fusion-builder-column-0{width:100% !important;margin-top : 0px;margin-bottom : 0px;}.fusion-builder-column-0 > .fusion-column-wrapper {padding-top : 0px !important;padding-right : 0px !important;margin-right : 1.92%;padding-bottom : 0px !important;padding-left : 0px !important;margin-left : 1.92%;}@media only screen and (max-width:1000px) {.fusion-body .fusion-builder-column-0{width:100% !important;order : 0;}.fusion-builder-column-0 > .fusion-column-wrapper {margin-right : 1.92%;margin-left : 1.92%;}}@media only screen and (max-width:777px) {.fusion-body .fusion-builder-column-0{width:100% !important;order : 0;}.fusion-builder-column-0 > .fusion-column-wrapper {margin-right : 1.92%;margin-left : 1.92%;}}<\/style><\/div><\/div><style type=\"text\/css\">.fusion-fullwidth.fusion-builder-row-1 { z-index:1 !important; }.fusion-body .fusion-flex-container.fusion-builder-row-1{ padding-top : 0px;margin-top : 0px;padding-right : 0px;padding-bottom : 0px;margin-bottom : 0px;padding-left : 0px;}<\/style><\/div>\n","protected":false},"excerpt":{"rendered":"","protected":false},"author":1,"featured_media":0,"parent":41,"menu_order":0,"comment_status":"closed","ping_status":"closed","template":"sn_bio.php","meta":{"_acf_changed":false,"footnotes":""},"class_list":["post-147","page","type-page","status-publish","hentry"],"acf":[],"yoast_head":"<!-- This site is optimized with the Yoast SEO plugin v26.6 - https:\/\/yoast.com\/wordpress\/plugins\/seo\/ -->\n<title>Estaciones biol\u00f3gicas - Sernanp<\/title>\n<meta name=\"robots\" content=\"index, follow, max-snippet:-1, max-image-preview:large, max-video-preview:-1\" \/>\n<link rel=\"canonical\" href=\"https:\/\/investigacionesanp.sernanp.gob.pe\/?page_id=147\" \/>\n<meta property=\"og:locale\" content=\"es_ES\" \/>\n<meta property=\"og:type\" content=\"article\" \/>\n<meta property=\"og:title\" content=\"Estaciones biol\u00f3gicas - Sernanp\" \/>\n<meta property=\"og:url\" content=\"https:\/\/investigacionesanp.sernanp.gob.pe\/?page_id=147\" \/>\n<meta property=\"og:site_name\" content=\"Sernanp\" \/>\n<meta property=\"article:modified_time\" content=\"2021-10-21T03:34:50+00:00\" \/>\n<meta name=\"twitter:card\" content=\"summary_large_image\" \/>\n<script type=\"application\/ld+json\" class=\"yoast-schema-graph\">{\"@context\":\"https:\/\/schema.org\",\"@graph\":[{\"@type\":\"WebPage\",\"@id\":\"https:\/\/investigacionesanp.sernanp.gob.pe\/?page_id=147\",\"url\":\"https:\/\/investigacionesanp.sernanp.gob.pe\/?page_id=147\",\"name\":\"Estaciones biol\u00f3gicas - Sernanp\",\"isPartOf\":{\"@id\":\"https:\/\/investigacionesanp.sernanp.gob.pe\/#website\"},\"datePublished\":\"2021-08-09T18:36:33+00:00\",\"dateModified\":\"2021-10-21T03:34:50+00:00\",\"breadcrumb\":{\"@id\":\"https:\/\/investigacionesanp.sernanp.gob.pe\/?page_id=147#breadcrumb\"},\"inLanguage\":\"es\",\"potentialAction\":[{\"@type\":\"ReadAction\",\"target\":[\"https:\/\/investigacionesanp.sernanp.gob.pe\/?page_id=147\"]}]},{\"@type\":\"BreadcrumbList\",\"@id\":\"https:\/\/investigacionesanp.sernanp.gob.pe\/?page_id=147#breadcrumb\",\"itemListElement\":[{\"@type\":\"ListItem\",\"position\":1,\"name\":\"Portada\",\"item\":\"https:\/\/investigacionesanp.sernanp.gob.pe\/\"},{\"@type\":\"ListItem\",\"position\":2,\"name\":\"Inicio\",\"item\":\"https:\/\/investigacionesanp.sernanp.gob.pe\/\"},{\"@type\":\"ListItem\",\"position\":3,\"name\":\"Estaciones biol\u00f3gicas\"}]},{\"@type\":\"WebSite\",\"@id\":\"https:\/\/investigacionesanp.sernanp.gob.pe\/#website\",\"url\":\"https:\/\/investigacionesanp.sernanp.gob.pe\/\",\"name\":\"Sernanp\",\"description\":\"Servicio Nacional de \u00c1reas Naturales Protegidas por el Estado\",\"publisher\":{\"@id\":\"https:\/\/investigacionesanp.sernanp.gob.pe\/#organization\"},\"potentialAction\":[{\"@type\":\"SearchAction\",\"target\":{\"@type\":\"EntryPoint\",\"urlTemplate\":\"https:\/\/investigacionesanp.sernanp.gob.pe\/?s={search_term_string}\"},\"query-input\":{\"@type\":\"PropertyValueSpecification\",\"valueRequired\":true,\"valueName\":\"search_term_string\"}}],\"inLanguage\":\"es\"},{\"@type\":\"Organization\",\"@id\":\"https:\/\/investigacionesanp.sernanp.gob.pe\/#organization\",\"name\":\"SERNANP\",\"url\":\"https:\/\/investigacionesanp.sernanp.gob.pe\/\",\"logo\":{\"@type\":\"ImageObject\",\"inLanguage\":\"es\",\"@id\":\"https:\/\/investigacionesanp.sernanp.gob.pe\/#\/schema\/logo\/image\/\",\"url\":\"http:\/\/investigacionesanp.sernanp.gob.pe\/wp-content\/uploads\/2021\/09\/LOGO-INVANP_Bio_Solicitud.png\",\"contentUrl\":\"http:\/\/investigacionesanp.sernanp.gob.pe\/wp-content\/uploads\/2021\/09\/LOGO-INVANP_Bio_Solicitud.png\",\"width\":123,\"height\":72,\"caption\":\"SERNANP\"},\"image\":{\"@id\":\"https:\/\/investigacionesanp.sernanp.gob.pe\/#\/schema\/logo\/image\/\"}}]}<\/script>\n<!-- \/ Yoast SEO plugin. -->","yoast_head_json":{"title":"Estaciones biol\u00f3gicas - Sernanp","robots":{"index":"index","follow":"follow","max-snippet":"max-snippet:-1","max-image-preview":"max-image-preview:large","max-video-preview":"max-video-preview:-1"},"canonical":"https:\/\/investigacionesanp.sernanp.gob.pe\/?page_id=147","og_locale":"es_ES","og_type":"article","og_title":"Estaciones biol\u00f3gicas - Sernanp","og_url":"https:\/\/investigacionesanp.sernanp.gob.pe\/?page_id=147","og_site_name":"Sernanp","article_modified_time":"2021-10-21T03:34:50+00:00","twitter_card":"summary_large_image","schema":{"@context":"https:\/\/schema.org","@graph":[{"@type":"WebPage","@id":"https:\/\/investigacionesanp.sernanp.gob.pe\/?page_id=147","url":"https:\/\/investigacionesanp.sernanp.gob.pe\/?page_id=147","name":"Estaciones biol\u00f3gicas - Sernanp","isPartOf":{"@id":"https:\/\/investigacionesanp.sernanp.gob.pe\/#website"},"datePublished":"2021-08-09T18:36:33+00:00","dateModified":"2021-10-21T03:34:50+00:00","breadcrumb":{"@id":"https:\/\/investigacionesanp.sernanp.gob.pe\/?page_id=147#breadcrumb"},"inLanguage":"es","potentialAction":[{"@type":"ReadAction","target":["https:\/\/investigacionesanp.sernanp.gob.pe\/?page_id=147"]}]},{"@type":"BreadcrumbList","@id":"https:\/\/investigacionesanp.sernanp.gob.pe\/?page_id=147#breadcrumb","itemListElement":[{"@type":"ListItem","position":1,"name":"Portada","item":"https:\/\/investigacionesanp.sernanp.gob.pe\/"},{"@type":"ListItem","position":2,"name":"Inicio","item":"https:\/\/investigacionesanp.sernanp.gob.pe\/"},{"@type":"ListItem","position":3,"name":"Estaciones biol\u00f3gicas"}]},{"@type":"WebSite","@id":"https:\/\/investigacionesanp.sernanp.gob.pe\/#website","url":"https:\/\/investigacionesanp.sernanp.gob.pe\/","name":"Sernanp","description":"Servicio Nacional de \u00c1reas Naturales Protegidas por el Estado","publisher":{"@id":"https:\/\/investigacionesanp.sernanp.gob.pe\/#organization"},"potentialAction":[{"@type":"SearchAction","target":{"@type":"EntryPoint","urlTemplate":"https:\/\/investigacionesanp.sernanp.gob.pe\/?s={search_term_string}"},"query-input":{"@type":"PropertyValueSpecification","valueRequired":true,"valueName":"search_term_string"}}],"inLanguage":"es"},{"@type":"Organization","@id":"https:\/\/investigacionesanp.sernanp.gob.pe\/#organization","name":"SERNANP","url":"https:\/\/investigacionesanp.sernanp.gob.pe\/","logo":{"@type":"ImageObject","inLanguage":"es","@id":"https:\/\/investigacionesanp.sernanp.gob.pe\/#\/schema\/logo\/image\/","url":"http:\/\/investigacionesanp.sernanp.gob.pe\/wp-content\/uploads\/2021\/09\/LOGO-INVANP_Bio_Solicitud.png","contentUrl":"http:\/\/investigacionesanp.sernanp.gob.pe\/wp-content\/uploads\/2021\/09\/LOGO-INVANP_Bio_Solicitud.png","width":123,"height":72,"caption":"SERNANP"},"image":{"@id":"https:\/\/investigacionesanp.sernanp.gob.pe\/#\/schema\/logo\/image\/"}}]}},"jetpack_sharing_enabled":true,"_links":{"self":[{"href":"https:\/\/investigacionesanp.sernanp.gob.pe\/index.php?rest_route=\/wp\/v2\/pages\/147","targetHints":{"allow":["GET"]}}],"collection":[{"href":"https:\/\/investigacionesanp.sernanp.gob.pe\/index.php?rest_route=\/wp\/v2\/pages"}],"about":[{"href":"https:\/\/investigacionesanp.sernanp.gob.pe\/index.php?rest_route=\/wp\/v2\/types\/page"}],"author":[{"embeddable":true,"href":"https:\/\/investigacionesanp.sernanp.gob.pe\/index.php?rest_route=\/wp\/v2\/users\/1"}],"replies":[{"embeddable":true,"href":"https:\/\/investigacionesanp.sernanp.gob.pe\/index.php?rest_route=%2Fwp%2Fv2%2Fcomments&post=147"}],"version-history":[{"count":4,"href":"https:\/\/investigacionesanp.sernanp.gob.pe\/index.php?rest_route=\/wp\/v2\/pages\/147\/revisions"}],"predecessor-version":[{"id":1632,"href":"https:\/\/investigacionesanp.sernanp.gob.pe\/index.php?rest_route=\/wp\/v2\/pages\/147\/revisions\/1632"}],"up":[{"embeddable":true,"href":"https:\/\/investigacionesanp.sernanp.gob.pe\/index.php?rest_route=\/wp\/v2\/pages\/41"}],"wp:attachment":[{"href":"https:\/\/investigacionesanp.sernanp.gob.pe\/index.php?rest_route=%2Fwp%2Fv2%2Fmedia&parent=147"}],"curies":[{"name":"wp","href":"https:\/\/api.w.org\/{rel}","templated":true}]}}