{"id":114,"date":"2021-08-09T09:30:06","date_gmt":"2021-08-09T09:30:06","guid":{"rendered":"http:\/\/investigacionesanp.sernanp.gob.pe\/?page_id=114"},"modified":"2021-10-07T17:03:07","modified_gmt":"2021-10-07T17:03:07","slug":"oportunidades","status":"publish","type":"page","link":"https:\/\/investigacionesanp.sernanp.gob.pe\/?page_id=114","title":{"rendered":"Oportunidades"},"content":{"rendered":"<div class=\"fusion-fullwidth fullwidth-box fusion-builder-row-1 fusion-flex-container nonhundred-percent-fullwidth non-hundred-percent-height-scrolling fusion-custom-z-index\" style=\"background-color: rgba(255,255,255,0);background-position: center center;background-repeat: no-repeat;border-width: 0px 0px 0px 0px;border-color:#e2e2e2;border-style:solid;\" ><div class=\"fusion-builder-row fusion-row fusion-flex-align-items-flex-start fusion-flex-justify-content-center\" style=\"max-width:1996.8px;margin-left: calc(-4% \/ 2 );margin-right: calc(-4% \/ 2 );\"><div class=\"fusion-layout-column fusion_builder_column fusion-builder-column-0 fusion_builder_column_1_1 1_1 fusion-flex-column\"><div class=\"fusion-column-wrapper fusion-flex-justify-content-flex-start fusion-content-layout-column\" style=\"background-position:left top;background-repeat:no-repeat;-webkit-background-size:cover;-moz-background-size:cover;-o-background-size:cover;background-size:cover;padding: 0px 0px 0px 0px;\">\n<div class=\"fusion-slider-revolution rev_slider_wrapper\">\t\t\t<!-- START Oportunidades Home REVOLUTION SLIDER 6.5.5 --><p class=\"rs-p-wp-fix\"><\/p>\n\t\t\t<rs-module-wrap id=\"rev_slider_9_1_wrapper\" data-source=\"gallery\" style=\"visibility:hidden;background:transparent;padding:0;margin:0px auto;margin-top:0;margin-bottom:0;\">\n\t\t\t\t<rs-module id=\"rev_slider_9_1\" style=\"\" data-version=\"6.5.5\">\n\t\t\t\t\t<rs-slides>\n\t\t\t\t\t\t<rs-slide style=\"position: absolute;\" data-key=\"rs-12\" data-title=\"Slide\" data-in=\"o:0;\" data-out=\"a:false;\">\n\t\t\t\t\t\t\t<img decoding=\"async\" src=\"\/\/investigacionesanp.sernanp.gob.pe\/wp-content\/plugins\/revslider\/public\/assets\/assets\/dummy.png\" title=\"SH Bosque de P\u00f3mac &#8211; Archivo SERNANP (7) (1)\" width=\"1920\" height=\"1285\" class=\"rev-slidebg tp-rs-img rs-lazyload\" data-lazyload=\"\/\/investigacionesanp.sernanp.gob.pe\/wp-content\/uploads\/2022\/07\/SH-Bosque-de-Pomac-Archivo-SERNANP-7-1.jpg\" data-parallax=\"15\" data-no-retina>\n<!--\n\t\t\t\t\t\t\t--><rs-layer\n\t\t\t\t\t\t\t\tid=\"slider-9-slide-12-layer-1\" \n\t\t\t\t\t\t\t\tdata-type=\"text\"\n\t\t\t\t\t\t\t\tdata-tsh=\"h:2px,2px,0px,0px;v:2px,2px,0px,0px;\"\n\t\t\t\t\t\t\t\tdata-rsp_ch=\"on\"\n\t\t\t\t\t\t\t\tdata-xy=\"x:c;xo:0,0,0,6px;yo:556px,556px,468px,292px;\"\n\t\t\t\t\t\t\t\tdata-text=\"w:normal;s:32,32,20,20;l:32,32,20,20;fw:500;a:center;\"\n\t\t\t\t\t\t\t\tdata-dim=\"w:951px,951px,418px,391px;\"\n\t\t\t\t\t\t\t\tdata-frame_1=\"e:power4.inOut;sp:3000;\"\n\t\t\t\t\t\t\t\tdata-frame_999=\"o:0;st:w;sR:4830;\"\n\t\t\t\t\t\t\t\tstyle=\"z-index:6;font-family:'Roboto';\"\n\t\t\t\t\t\t\t>Encuentra aqu\u00ed los diferentes mecanismos que Sernanp y sus<br \/>\naliados estrat\u00e9gicos ponen a disposici\u00f3n de la comunidad cient\u00edfica para el desarrollo de investigaciones en las ANP \n\t\t\t\t\t\t\t<\/rs-layer><!--\n\n\t\t\t\t\t\t\t--><rs-layer\n\t\t\t\t\t\t\t\tid=\"slider-9-slide-12-layer-2\" \n\t\t\t\t\t\t\t\tdata-type=\"text\"\n\t\t\t\t\t\t\t\tdata-tsh=\"h:2px,2px,0px,0px;v:2px,2px,0px,0px;\"\n\t\t\t\t\t\t\t\tdata-rsp_ch=\"on\"\n\t\t\t\t\t\t\t\tdata-xy=\"x:c;xo:0,0,0,6px;yo:339px,339px,371px,198px;\"\n\t\t\t\t\t\t\t\tdata-text=\"w:normal;s:90,90,35,35;l:90,90,40,38;fw:500;a:center;\"\n\t\t\t\t\t\t\t\tdata-dim=\"w:951px,951px,553px,517px;\"\n\t\t\t\t\t\t\t\tdata-frame_1=\"y:-1px,-1px,0px,0px;e:power4.inOut;sp:3000;\"\n\t\t\t\t\t\t\t\tdata-frame_999=\"o:0;st:w;sR:4830;\"\n\t\t\t\t\t\t\t\tstyle=\"z-index:6;font-family:'Roboto';\"\n\t\t\t\t\t\t\t>Oportunidades de<br \/>\nfinanciamiento \n\t\t\t\t\t\t\t<\/rs-layer><!--\n-->\t\t\t\t\t\t<\/rs-slide>\n\t\t\t\t\t<\/rs-slides>\n\t\t\t\t<\/rs-module>\n\t\t\t\t<script type=\"text\/javascript\">\n\t\t\t\t\tsetREVStartSize({c: 'rev_slider_9_1',rl:[1240,1240,778,480],el:[800,800,750,525],gw:[1920,1920,620,580],gh:[800,800,750,525],type:'standard',justify:'',layout:'fullwidth',mh:\"0px\"});if (window.RS_MODULES!==undefined && window.RS_MODULES.modules!==undefined && window.RS_MODULES.modules[\"revslider91\"]!==undefined) {window.RS_MODULES.modules[\"revslider91\"].once = false;window.revapi9 = undefined;window.RS_MODULES.checkMinimal()}\n\t\t\t\t<\/script>\n\t\t\t<\/rs-module-wrap>\n\t\t\t<!-- END REVOLUTION SLIDER -->\n<\/div><\/div><style type=\"text\/css\">.fusion-body .fusion-builder-column-0{width:100% !important;margin-top : 0px;margin-bottom : 0px;}.fusion-builder-column-0 > .fusion-column-wrapper {padding-top : 0px !important;padding-right : 0px !important;margin-right : 1.92%;padding-bottom : 0px !important;padding-left : 0px !important;margin-left : 1.92%;}@media only screen and (max-width:1000px) {.fusion-body .fusion-builder-column-0{width:100% !important;order : 0;}.fusion-builder-column-0 > .fusion-column-wrapper {margin-right : 1.92%;margin-left : 1.92%;}}@media only screen and (max-width:777px) {.fusion-body .fusion-builder-column-0{width:100% !important;order : 0;}.fusion-builder-column-0 > .fusion-column-wrapper {margin-right : 1.92%;margin-left : 1.92%;}}<\/style><\/div><\/div><style type=\"text\/css\">.fusion-fullwidth.fusion-builder-row-1 { z-index:1 !important; }.fusion-body .fusion-flex-container.fusion-builder-row-1{ padding-top : 0px;margin-top : 0px;padding-right : 0px;padding-bottom : 0px;margin-bottom : 0px;padding-left : 0px;}<\/style><\/div>\n","protected":false},"excerpt":{"rendered":"","protected":false},"author":1,"featured_media":0,"parent":41,"menu_order":0,"comment_status":"closed","ping_status":"closed","template":"sn_becas.php","meta":{"_acf_changed":false,"footnotes":""},"class_list":["post-114","page","type-page","status-publish","hentry"],"acf":[],"yoast_head":"<!-- This site is optimized with the Yoast SEO plugin v26.6 - https:\/\/yoast.com\/wordpress\/plugins\/seo\/ -->\n<title>Oportunidades - Sernanp<\/title>\n<meta name=\"robots\" content=\"index, follow, max-snippet:-1, max-image-preview:large, max-video-preview:-1\" \/>\n<link rel=\"canonical\" href=\"https:\/\/investigacionesanp.sernanp.gob.pe\/?page_id=114\" \/>\n<meta property=\"og:locale\" content=\"es_ES\" \/>\n<meta property=\"og:type\" content=\"article\" \/>\n<meta property=\"og:title\" content=\"Oportunidades - Sernanp\" \/>\n<meta property=\"og:url\" content=\"https:\/\/investigacionesanp.sernanp.gob.pe\/?page_id=114\" \/>\n<meta property=\"og:site_name\" content=\"Sernanp\" \/>\n<meta property=\"article:modified_time\" content=\"2021-10-07T17:03:07+00:00\" \/>\n<meta name=\"twitter:card\" content=\"summary_large_image\" \/>\n<script type=\"application\/ld+json\" class=\"yoast-schema-graph\">{\"@context\":\"https:\/\/schema.org\",\"@graph\":[{\"@type\":\"WebPage\",\"@id\":\"https:\/\/investigacionesanp.sernanp.gob.pe\/?page_id=114\",\"url\":\"https:\/\/investigacionesanp.sernanp.gob.pe\/?page_id=114\",\"name\":\"Oportunidades - Sernanp\",\"isPartOf\":{\"@id\":\"https:\/\/investigacionesanp.sernanp.gob.pe\/#website\"},\"datePublished\":\"2021-08-09T09:30:06+00:00\",\"dateModified\":\"2021-10-07T17:03:07+00:00\",\"breadcrumb\":{\"@id\":\"https:\/\/investigacionesanp.sernanp.gob.pe\/?page_id=114#breadcrumb\"},\"inLanguage\":\"es\",\"potentialAction\":[{\"@type\":\"ReadAction\",\"target\":[\"https:\/\/investigacionesanp.sernanp.gob.pe\/?page_id=114\"]}]},{\"@type\":\"BreadcrumbList\",\"@id\":\"https:\/\/investigacionesanp.sernanp.gob.pe\/?page_id=114#breadcrumb\",\"itemListElement\":[{\"@type\":\"ListItem\",\"position\":1,\"name\":\"Portada\",\"item\":\"https:\/\/investigacionesanp.sernanp.gob.pe\/\"},{\"@type\":\"ListItem\",\"position\":2,\"name\":\"Inicio\",\"item\":\"https:\/\/investigacionesanp.sernanp.gob.pe\/\"},{\"@type\":\"ListItem\",\"position\":3,\"name\":\"Oportunidades\"}]},{\"@type\":\"WebSite\",\"@id\":\"https:\/\/investigacionesanp.sernanp.gob.pe\/#website\",\"url\":\"https:\/\/investigacionesanp.sernanp.gob.pe\/\",\"name\":\"Sernanp\",\"description\":\"Servicio Nacional de \u00c1reas Naturales Protegidas por el Estado\",\"publisher\":{\"@id\":\"https:\/\/investigacionesanp.sernanp.gob.pe\/#organization\"},\"potentialAction\":[{\"@type\":\"SearchAction\",\"target\":{\"@type\":\"EntryPoint\",\"urlTemplate\":\"https:\/\/investigacionesanp.sernanp.gob.pe\/?s={search_term_string}\"},\"query-input\":{\"@type\":\"PropertyValueSpecification\",\"valueRequired\":true,\"valueName\":\"search_term_string\"}}],\"inLanguage\":\"es\"},{\"@type\":\"Organization\",\"@id\":\"https:\/\/investigacionesanp.sernanp.gob.pe\/#organization\",\"name\":\"SERNANP\",\"url\":\"https:\/\/investigacionesanp.sernanp.gob.pe\/\",\"logo\":{\"@type\":\"ImageObject\",\"inLanguage\":\"es\",\"@id\":\"https:\/\/investigacionesanp.sernanp.gob.pe\/#\/schema\/logo\/image\/\",\"url\":\"http:\/\/investigacionesanp.sernanp.gob.pe\/wp-content\/uploads\/2021\/09\/LOGO-INVANP_Bio_Solicitud.png\",\"contentUrl\":\"http:\/\/investigacionesanp.sernanp.gob.pe\/wp-content\/uploads\/2021\/09\/LOGO-INVANP_Bio_Solicitud.png\",\"width\":123,\"height\":72,\"caption\":\"SERNANP\"},\"image\":{\"@id\":\"https:\/\/investigacionesanp.sernanp.gob.pe\/#\/schema\/logo\/image\/\"}}]}<\/script>\n<!-- \/ Yoast SEO plugin. -->","yoast_head_json":{"title":"Oportunidades - Sernanp","robots":{"index":"index","follow":"follow","max-snippet":"max-snippet:-1","max-image-preview":"max-image-preview:large","max-video-preview":"max-video-preview:-1"},"canonical":"https:\/\/investigacionesanp.sernanp.gob.pe\/?page_id=114","og_locale":"es_ES","og_type":"article","og_title":"Oportunidades - Sernanp","og_url":"https:\/\/investigacionesanp.sernanp.gob.pe\/?page_id=114","og_site_name":"Sernanp","article_modified_time":"2021-10-07T17:03:07+00:00","twitter_card":"summary_large_image","schema":{"@context":"https:\/\/schema.org","@graph":[{"@type":"WebPage","@id":"https:\/\/investigacionesanp.sernanp.gob.pe\/?page_id=114","url":"https:\/\/investigacionesanp.sernanp.gob.pe\/?page_id=114","name":"Oportunidades - Sernanp","isPartOf":{"@id":"https:\/\/investigacionesanp.sernanp.gob.pe\/#website"},"datePublished":"2021-08-09T09:30:06+00:00","dateModified":"2021-10-07T17:03:07+00:00","breadcrumb":{"@id":"https:\/\/investigacionesanp.sernanp.gob.pe\/?page_id=114#breadcrumb"},"inLanguage":"es","potentialAction":[{"@type":"ReadAction","target":["https:\/\/investigacionesanp.sernanp.gob.pe\/?page_id=114"]}]},{"@type":"BreadcrumbList","@id":"https:\/\/investigacionesanp.sernanp.gob.pe\/?page_id=114#breadcrumb","itemListElement":[{"@type":"ListItem","position":1,"name":"Portada","item":"https:\/\/investigacionesanp.sernanp.gob.pe\/"},{"@type":"ListItem","position":2,"name":"Inicio","item":"https:\/\/investigacionesanp.sernanp.gob.pe\/"},{"@type":"ListItem","position":3,"name":"Oportunidades"}]},{"@type":"WebSite","@id":"https:\/\/investigacionesanp.sernanp.gob.pe\/#website","url":"https:\/\/investigacionesanp.sernanp.gob.pe\/","name":"Sernanp","description":"Servicio Nacional de \u00c1reas Naturales Protegidas por el Estado","publisher":{"@id":"https:\/\/investigacionesanp.sernanp.gob.pe\/#organization"},"potentialAction":[{"@type":"SearchAction","target":{"@type":"EntryPoint","urlTemplate":"https:\/\/investigacionesanp.sernanp.gob.pe\/?s={search_term_string}"},"query-input":{"@type":"PropertyValueSpecification","valueRequired":true,"valueName":"search_term_string"}}],"inLanguage":"es"},{"@type":"Organization","@id":"https:\/\/investigacionesanp.sernanp.gob.pe\/#organization","name":"SERNANP","url":"https:\/\/investigacionesanp.sernanp.gob.pe\/","logo":{"@type":"ImageObject","inLanguage":"es","@id":"https:\/\/investigacionesanp.sernanp.gob.pe\/#\/schema\/logo\/image\/","url":"http:\/\/investigacionesanp.sernanp.gob.pe\/wp-content\/uploads\/2021\/09\/LOGO-INVANP_Bio_Solicitud.png","contentUrl":"http:\/\/investigacionesanp.sernanp.gob.pe\/wp-content\/uploads\/2021\/09\/LOGO-INVANP_Bio_Solicitud.png","width":123,"height":72,"caption":"SERNANP"},"image":{"@id":"https:\/\/investigacionesanp.sernanp.gob.pe\/#\/schema\/logo\/image\/"}}]}},"jetpack_sharing_enabled":true,"_links":{"self":[{"href":"https:\/\/investigacionesanp.sernanp.gob.pe\/index.php?rest_route=\/wp\/v2\/pages\/114","targetHints":{"allow":["GET"]}}],"collection":[{"href":"https:\/\/investigacionesanp.sernanp.gob.pe\/index.php?rest_route=\/wp\/v2\/pages"}],"about":[{"href":"https:\/\/investigacionesanp.sernanp.gob.pe\/index.php?rest_route=\/wp\/v2\/types\/page"}],"author":[{"embeddable":true,"href":"https:\/\/investigacionesanp.sernanp.gob.pe\/index.php?rest_route=\/wp\/v2\/users\/1"}],"replies":[{"embeddable":true,"href":"https:\/\/investigacionesanp.sernanp.gob.pe\/index.php?rest_route=%2Fwp%2Fv2%2Fcomments&post=114"}],"version-history":[{"count":4,"href":"https:\/\/investigacionesanp.sernanp.gob.pe\/index.php?rest_route=\/wp\/v2\/pages\/114\/revisions"}],"predecessor-version":[{"id":3125,"href":"https:\/\/investigacionesanp.sernanp.gob.pe\/index.php?rest_route=\/wp\/v2\/pages\/114\/revisions\/3125"}],"up":[{"embeddable":true,"href":"https:\/\/investigacionesanp.sernanp.gob.pe\/index.php?rest_route=\/wp\/v2\/pages\/41"}],"wp:attachment":[{"href":"https:\/\/investigacionesanp.sernanp.gob.pe\/index.php?rest_route=%2Fwp%2Fv2%2Fmedia&parent=114"}],"curies":[{"name":"wp","href":"https:\/\/api.w.org\/{rel}","templated":true}]}}